{"id":169,"date":"2018-08-26T11:11:17","date_gmt":"2018-08-26T09:11:17","guid":{"rendered":"http:\/\/emoteam.fr\/?page_id=169"},"modified":"2018-08-27T22:21:07","modified_gmt":"2018-08-27T20:21:07","slug":"premiere-consultation-pour-faire-connaissance","status":"publish","type":"page","link":"https:\/\/emoteam.fr\/index.php\/consultations-en-dietetique-et-nutrition\/premiere-consultation-pour-faire-connaissance\/","title":{"rendered":"Premi\u00e8re consultation pour faire connaissance"},"content":{"rendered":"<ul>\n<li><span style=\"font-size: 1rem;\"><span style=\"font-family: courier new;\">Clarifier vos attentes et besoins<\/span><\/span><\/li>\n<li><span style=\"font-family: courier new;\">Expliquer mon approche et ma vision de la di\u00e9t\u00e9tique<\/span><\/li>\n<li><span style=\"font-family: courier new;\">Vous assurer que mon approche vous convient<\/span><\/li>\n<li><span style=\"font-family: courier new;\">R\u00e9aliser un diagnostique nutritionnel<\/span><\/li>\n<\/ul>\n<h3><span style=\"font-size: small;\">\u2192\u00a0 \u00a0 \u00a0<\/span><a style=\"font-size: 1.125rem;\" href=\"http:\/\/emoteam.fr\/index.php\/consultations-en-dietetique-et-nutrition\/consultations-de-suivi\/\"><span style=\"font-size: small;\">CONSULTATION DE SUIVI<\/span><\/a><\/h3>\n","protected":false},"excerpt":{"rendered":"<p>Clarifier vos attentes et besoins Expliquer mon approche et ma vision de la di\u00e9t\u00e9tique Vous assurer que mon approche vous convient R\u00e9aliser un diagnostique nutritionnel \u2192\u00a0 \u00a0 \u00a0CONSULTATION DE SUIVI<\/p>\n","protected":false},"author":1,"featured_media":0,"parent":110,"menu_order":1,"comment_status":"closed","ping_status":"closed","template":"","meta":[],"_links":{"self":[{"href":"https:\/\/emoteam.fr\/index.php\/wp-json\/wp\/v2\/pages\/169"}],"collection":[{"href":"https:\/\/emoteam.fr\/index.php\/wp-json\/wp\/v2\/pages"}],"about":[{"href":"https:\/\/emoteam.fr\/index.php\/wp-json\/wp\/v2\/types\/page"}],"author":[{"embeddable":true,"href":"https:\/\/emoteam.fr\/index.php\/wp-json\/wp\/v2\/users\/1"}],"replies":[{"embeddable":true,"href":"https:\/\/emoteam.fr\/index.php\/wp-json\/wp\/v2\/comments?post=169"}],"version-history":[{"count":8,"href":"https:\/\/emoteam.fr\/index.php\/wp-json\/wp\/v2\/pages\/169\/revisions"}],"predecessor-version":[{"id":234,"href":"https:\/\/emoteam.fr\/index.php\/wp-json\/wp\/v2\/pages\/169\/revisions\/234"}],"up":[{"embeddable":true,"href":"https:\/\/emoteam.fr\/index.php\/wp-json\/wp\/v2\/pages\/110"}],"wp:attachment":[{"href":"https:\/\/emoteam.fr\/index.php\/wp-json\/wp\/v2\/media?parent=169"}],"curies":[{"name":"wp","href":"https:\/\/api.w.org\/{rel}","templated":true}]}}