{"id":163,"date":"2018-08-26T10:56:05","date_gmt":"2018-08-26T08:56:05","guid":{"rendered":"http:\/\/emoteam.fr\/?page_id=163"},"modified":"2018-08-26T11:33:27","modified_gmt":"2018-08-26T09:33:27","slug":"resicard","status":"publish","type":"page","link":"https:\/\/emoteam.fr\/index.php\/consultations-en-dietetique-et-nutrition\/resicard\/","title":{"rendered":"R\u00e9sicard"},"content":{"rendered":"<p><span style=\"font-family: courier new;\">Ateliers de groupe et consultations gratuits pour les patients atteints d\u2019insuffisance cardiaque, dans une d\u00e9marche d\u2019\u00e9ducation th\u00e9rapeutique.<\/span><\/p>\n<p><span style=\"font-family: courier new;\">Uniquement apr\u00e8s acceptation et validation du dossier par l\u2019\u00e9quipe m\u00e9dicale du r\u00e9seau.<\/span><\/p>\n<p>Site internet : <a href=\"http:\/\/www.resicard.com\/\">resicard.com<\/a><\/p>\n","protected":false},"excerpt":{"rendered":"<p>Ateliers de groupe et consultations gratuits pour les patients atteints d\u2019insuffisance cardiaque, dans une d\u00e9marche d\u2019\u00e9ducation th\u00e9rapeutique. Uniquement apr\u00e8s acceptation et validation du dossier par l\u2019\u00e9quipe m\u00e9dicale du r\u00e9seau. Site internet : resicard.com<\/p>\n","protected":false},"author":1,"featured_media":0,"parent":110,"menu_order":5,"comment_status":"closed","ping_status":"closed","template":"","meta":[],"_links":{"self":[{"href":"https:\/\/emoteam.fr\/index.php\/wp-json\/wp\/v2\/pages\/163"}],"collection":[{"href":"https:\/\/emoteam.fr\/index.php\/wp-json\/wp\/v2\/pages"}],"about":[{"href":"https:\/\/emoteam.fr\/index.php\/wp-json\/wp\/v2\/types\/page"}],"author":[{"embeddable":true,"href":"https:\/\/emoteam.fr\/index.php\/wp-json\/wp\/v2\/users\/1"}],"replies":[{"embeddable":true,"href":"https:\/\/emoteam.fr\/index.php\/wp-json\/wp\/v2\/comments?post=163"}],"version-history":[{"count":3,"href":"https:\/\/emoteam.fr\/index.php\/wp-json\/wp\/v2\/pages\/163\/revisions"}],"predecessor-version":[{"id":202,"href":"https:\/\/emoteam.fr\/index.php\/wp-json\/wp\/v2\/pages\/163\/revisions\/202"}],"up":[{"embeddable":true,"href":"https:\/\/emoteam.fr\/index.php\/wp-json\/wp\/v2\/pages\/110"}],"wp:attachment":[{"href":"https:\/\/emoteam.fr\/index.php\/wp-json\/wp\/v2\/media?parent=163"}],"curies":[{"name":"wp","href":"https:\/\/api.w.org\/{rel}","templated":true}]}}