{"id":160,"date":"2018-08-26T10:55:56","date_gmt":"2018-08-26T08:55:56","guid":{"rendered":"http:\/\/emoteam.fr\/?page_id=160"},"modified":"2018-08-27T23:14:19","modified_gmt":"2018-08-27T21:14:19","slug":"oncodiets","status":"publish","type":"page","link":"https:\/\/emoteam.fr\/index.php\/consultations-en-dietetique-et-nutrition\/oncodiets\/","title":{"rendered":"Oncodiets"},"content":{"rendered":"<ul>\n<li><span style=\"font-family: courier new;\">Accompagnement nutritionnel dans le contexte des cancers, en pr\u00e9vention et durant les traitements<\/span><\/li>\n<li><span style=\"font-family: courier new;\">Sur pr\u00e9sentation du justificatif de l\u2019Institut Gustave Roussy ou de l\u2019Institut Curie<\/span><\/li>\n<li><span style=\"font-family: courier new;\">Consultation \u00e0 tarif unique pr\u00e9f\u00e9rentiel<\/span><\/li>\n<li><span style=\"font-family: courier new;\">\u00c0 domicile uniquement<\/span><\/li>\n<\/ul>\n<p>Lien vers site\u00a0<a href=\"https:\/\/www.nutritionclinique.fr\/oncodiets-comment-trouver-une-dieteticienne-nutritionniste-en-cancerologie-pres-de-chez-vous\/\">SFNCM<\/a><\/p>\n","protected":false},"excerpt":{"rendered":"<p>Accompagnement nutritionnel dans le contexte des cancers, en pr\u00e9vention et durant les traitements Sur pr\u00e9sentation du justificatif de l\u2019Institut Gustave Roussy ou de l\u2019Institut Curie Consultation \u00e0 tarif unique pr\u00e9f\u00e9rentiel \u00c0 domicile uniquement Lien vers site\u00a0SFNCM<\/p>\n","protected":false},"author":1,"featured_media":0,"parent":110,"menu_order":4,"comment_status":"closed","ping_status":"closed","template":"","meta":[],"_links":{"self":[{"href":"https:\/\/emoteam.fr\/index.php\/wp-json\/wp\/v2\/pages\/160"}],"collection":[{"href":"https:\/\/emoteam.fr\/index.php\/wp-json\/wp\/v2\/pages"}],"about":[{"href":"https:\/\/emoteam.fr\/index.php\/wp-json\/wp\/v2\/types\/page"}],"author":[{"embeddable":true,"href":"https:\/\/emoteam.fr\/index.php\/wp-json\/wp\/v2\/users\/1"}],"replies":[{"embeddable":true,"href":"https:\/\/emoteam.fr\/index.php\/wp-json\/wp\/v2\/comments?post=160"}],"version-history":[{"count":4,"href":"https:\/\/emoteam.fr\/index.php\/wp-json\/wp\/v2\/pages\/160\/revisions"}],"predecessor-version":[{"id":235,"href":"https:\/\/emoteam.fr\/index.php\/wp-json\/wp\/v2\/pages\/160\/revisions\/235"}],"up":[{"embeddable":true,"href":"https:\/\/emoteam.fr\/index.php\/wp-json\/wp\/v2\/pages\/110"}],"wp:attachment":[{"href":"https:\/\/emoteam.fr\/index.php\/wp-json\/wp\/v2\/media?parent=160"}],"curies":[{"name":"wp","href":"https:\/\/api.w.org\/{rel}","templated":true}]}}