{"id":154,"date":"2018-08-26T10:55:34","date_gmt":"2018-08-26T08:55:34","guid":{"rendered":"http:\/\/emoteam.fr\/?page_id=154"},"modified":"2018-08-26T11:35:31","modified_gmt":"2018-08-26T09:35:31","slug":"consultations-de-suivi","status":"publish","type":"page","link":"https:\/\/emoteam.fr\/index.php\/consultations-en-dietetique-et-nutrition\/consultations-de-suivi\/","title":{"rendered":"Consultations de suivi"},"content":{"rendered":"<ul>\n<li><span style=\"font-family: courier new;\">D\u00e9terminer ensemble vos objectifs adapt\u00e9s, les solutions personnalis\u00e9es et mises en applications \u00e0 r\u00e9aliser selon votre rythme<\/span><\/li>\n<li><span style=\"font-family: courier new;\">Faire le point ensemble sur les r\u00e9sultats obtenus<\/span><\/li>\n<li><span style=\"font-family: courier new;\">Adapter et r\u00e9ajuster les objectifs et solutions<\/span><\/li>\n<\/ul>\n<p>&nbsp;<\/p>\n<h3><span style=\"font-size: small;\"><a href=\"http:\/\/emoteam.fr\/index.php\/mon-approche\/\">MON APPROCHE<\/a><br \/>\n<a href=\"http:\/\/emoteam.fr\/index.php\/infos-pratiques\/\">INFOS PRATIQUES <\/a><\/span><\/h3>\n","protected":false},"excerpt":{"rendered":"<p>D\u00e9terminer ensemble vos objectifs adapt\u00e9s, les solutions personnalis\u00e9es et mises en applications \u00e0 r\u00e9aliser selon votre rythme Faire le point ensemble sur les r\u00e9sultats obtenus Adapter et r\u00e9ajuster les objectifs et solutions &nbsp; MON APPROCHE INFOS PRATIQUES<\/p>\n","protected":false},"author":1,"featured_media":0,"parent":110,"menu_order":2,"comment_status":"closed","ping_status":"closed","template":"","meta":[],"_links":{"self":[{"href":"https:\/\/emoteam.fr\/index.php\/wp-json\/wp\/v2\/pages\/154"}],"collection":[{"href":"https:\/\/emoteam.fr\/index.php\/wp-json\/wp\/v2\/pages"}],"about":[{"href":"https:\/\/emoteam.fr\/index.php\/wp-json\/wp\/v2\/types\/page"}],"author":[{"embeddable":true,"href":"https:\/\/emoteam.fr\/index.php\/wp-json\/wp\/v2\/users\/1"}],"replies":[{"embeddable":true,"href":"https:\/\/emoteam.fr\/index.php\/wp-json\/wp\/v2\/comments?post=154"}],"version-history":[{"count":6,"href":"https:\/\/emoteam.fr\/index.php\/wp-json\/wp\/v2\/pages\/154\/revisions"}],"predecessor-version":[{"id":204,"href":"https:\/\/emoteam.fr\/index.php\/wp-json\/wp\/v2\/pages\/154\/revisions\/204"}],"up":[{"embeddable":true,"href":"https:\/\/emoteam.fr\/index.php\/wp-json\/wp\/v2\/pages\/110"}],"wp:attachment":[{"href":"https:\/\/emoteam.fr\/index.php\/wp-json\/wp\/v2\/media?parent=154"}],"curies":[{"name":"wp","href":"https:\/\/api.w.org\/{rel}","templated":true}]}}