{"id":149,"date":"2018-08-26T10:53:49","date_gmt":"2018-08-26T08:53:49","guid":{"rendered":"http:\/\/emoteam.fr\/?page_id=149"},"modified":"2018-08-27T20:38:46","modified_gmt":"2018-08-27T18:38:46","slug":"mon-approche","status":"publish","type":"page","link":"https:\/\/emoteam.fr\/index.php\/mon-approche\/","title":{"rendered":"Mon approche"},"content":{"rendered":"<p>Manger<\/p>\n<p>Aliments<\/p>\n<p>Conditions du repas<\/p>\n<p>Sant\u00e9 physiologique et<br \/>\n\u00e9tat psychologique<\/p>\n<p>Environnements externe et interne<\/p>\n<p>Connaissances sur la nutrition et la sant\u00e9<\/p>\n<p>Humaniste Bienveillante \u00c9coute<\/p>\n<p>Non-jugement<\/p>\n<p>Centr\u00e9e sur la personne<\/p>\n<p>Prise en compte de ses \u00e9motions, son ressenti, ses difficult\u00e9s<\/p>\n<p>Globale et structurante pour une relation \u00e0 la nourriture int\u00e9gr\u00e9e<br \/>\ndans son ensemble<\/p>\n","protected":false},"excerpt":{"rendered":"<p>Manger Aliments Conditions du repas Sant\u00e9 physiologique et \u00e9tat psychologique Environnements externe et interne Connaissances sur la nutrition et la sant\u00e9 Humaniste Bienveillante \u00c9coute Non-jugement Centr\u00e9e sur la personne Prise en compte de ses \u00e9motions, son ressenti, ses difficult\u00e9s Globale et structurante pour une relation \u00e0 la nourriture int\u00e9gr\u00e9e dans son ensemble<\/p>\n","protected":false},"author":1,"featured_media":0,"parent":0,"menu_order":0,"comment_status":"closed","ping_status":"closed","template":"","meta":[],"_links":{"self":[{"href":"https:\/\/emoteam.fr\/index.php\/wp-json\/wp\/v2\/pages\/149"}],"collection":[{"href":"https:\/\/emoteam.fr\/index.php\/wp-json\/wp\/v2\/pages"}],"about":[{"href":"https:\/\/emoteam.fr\/index.php\/wp-json\/wp\/v2\/types\/page"}],"author":[{"embeddable":true,"href":"https:\/\/emoteam.fr\/index.php\/wp-json\/wp\/v2\/users\/1"}],"replies":[{"embeddable":true,"href":"https:\/\/emoteam.fr\/index.php\/wp-json\/wp\/v2\/comments?post=149"}],"version-history":[{"count":6,"href":"https:\/\/emoteam.fr\/index.php\/wp-json\/wp\/v2\/pages\/149\/revisions"}],"predecessor-version":[{"id":228,"href":"https:\/\/emoteam.fr\/index.php\/wp-json\/wp\/v2\/pages\/149\/revisions\/228"}],"wp:attachment":[{"href":"https:\/\/emoteam.fr\/index.php\/wp-json\/wp\/v2\/media?parent=149"}],"curies":[{"name":"wp","href":"https:\/\/api.w.org\/{rel}","templated":true}]}}