{"id":146,"date":"2018-08-26T10:53:39","date_gmt":"2018-08-26T08:53:39","guid":{"rendered":"http:\/\/emoteam.fr\/?page_id=146"},"modified":"2022-05-31T14:03:24","modified_gmt":"2022-05-31T12:03:24","slug":"infos-pratiques","status":"publish","type":"page","link":"https:\/\/emoteam.fr\/index.php\/infos-pratiques\/","title":{"rendered":"Mon parcours"},"content":{"rendered":"<p><span style=\"color: #ff6600;\"><em>Du service client au service de l&rsquo;humain<\/em><\/span><\/p>\n<p>J\u2019ai commenc\u00e9 en entreprise par la n\u00e9gociation dans la fonction achat en Chine et en France. Apr\u00e8s une reconversion, j\u2019ai choisi d\u2019accompagner les transformations des projets personnels et professionnels ainsi que d\u2019animer des formations sur l\u2019\u00e9coute active des \u00e9motions.<br \/>\nAjouter \u00e0 mon suivi une dimension sant\u00e9 et bien \u00eatre par l\u2019alimentation m\u2019est apparue indispensable pour une approche plus globale.<br \/>\nAujourd\u2019hui, j\u2019aide les personnes qui souhaitent changer leur alimentation en ad\u00e9quation avec leurs valeurs et leur style de vie.<\/p>\n<p>Mes voyages en Asie et expatriations (Montr\u00e9al, Chine, Vietnam, Hong Kong, Singapour, Italie) m&rsquo;ont permis de cultiver mes capacit\u00e9s d&rsquo;adaptation et de combler mon app\u00e9tit pour les saveurs et couleurs d&rsquo;autres cultures.<\/p>\n<p>Mon m\u00e9tier de di\u00e9t\u00e9ticienne nutritionniste fait profond\u00e9ment sens car il est au confluent des th\u00e9matiques qui me passionnent (l&rsquo;anthropologie, les sciences de la vie, la psychologie) et me procure cette grande joie d\u2019\u0153uvrer au service de l&rsquo;humain, sa sant\u00e9 et son bien-\u00eatre.<\/p>\n<p>\u00c0 part mon travail, j&rsquo;aime danser, grimper et contempler la nature.<\/p>\n<p>En savoir plus sur ma formation :<\/p>\n<p>\u00c9ducation alimentaire et sensorielle (Association Sapere et Institut du Go\u00fbt)<br \/>\nAlimentation pauvre en FODMAPS et Intestin irritable (Monash University)<\/p>\n<p>Micronutrition<br \/>\n\u00c9ducation th\u00e9rapeutique du patient<br \/>\nBTS di\u00e9t\u00e9tique<\/p>\n<p>Psychologie humaniste, m\u00e9canisme des \u00e9motions<br \/>\nFormation d\u2019adultes<\/p>\n","protected":false},"excerpt":{"rendered":"<p>Du service client au service de l&rsquo;humain J\u2019ai commenc\u00e9 en entreprise par la n\u00e9gociation dans la fonction achat en Chine et en France. Apr\u00e8s une reconversion, j\u2019ai choisi d\u2019accompagner les transformations des projets personnels et professionnels ainsi que d\u2019animer des formations sur l\u2019\u00e9coute active des \u00e9motions. Ajouter \u00e0 mon suivi une dimension sant\u00e9 et bien &hellip; <\/p>\n<p class=\"link-more\"><a href=\"https:\/\/emoteam.fr\/index.php\/infos-pratiques\/\" class=\"more-link\">Continuer la lecture<span class=\"screen-reader-text\"> de &laquo;&nbsp;Mon parcours&nbsp;&raquo;<\/span><\/a><\/p>\n","protected":false},"author":1,"featured_media":260,"parent":0,"menu_order":0,"comment_status":"closed","ping_status":"closed","template":"","meta":[],"_links":{"self":[{"href":"https:\/\/emoteam.fr\/index.php\/wp-json\/wp\/v2\/pages\/146"}],"collection":[{"href":"https:\/\/emoteam.fr\/index.php\/wp-json\/wp\/v2\/pages"}],"about":[{"href":"https:\/\/emoteam.fr\/index.php\/wp-json\/wp\/v2\/types\/page"}],"author":[{"embeddable":true,"href":"https:\/\/emoteam.fr\/index.php\/wp-json\/wp\/v2\/users\/1"}],"replies":[{"embeddable":true,"href":"https:\/\/emoteam.fr\/index.php\/wp-json\/wp\/v2\/comments?post=146"}],"version-history":[{"count":13,"href":"https:\/\/emoteam.fr\/index.php\/wp-json\/wp\/v2\/pages\/146\/revisions"}],"predecessor-version":[{"id":276,"href":"https:\/\/emoteam.fr\/index.php\/wp-json\/wp\/v2\/pages\/146\/revisions\/276"}],"wp:featuredmedia":[{"embeddable":true,"href":"https:\/\/emoteam.fr\/index.php\/wp-json\/wp\/v2\/media\/260"}],"wp:attachment":[{"href":"https:\/\/emoteam.fr\/index.php\/wp-json\/wp\/v2\/media?parent=146"}],"curies":[{"name":"wp","href":"https:\/\/api.w.org\/{rel}","templated":true}]}}