{"id":110,"date":"2018-08-21T11:28:10","date_gmt":"2018-08-21T09:28:10","guid":{"rendered":"http:\/\/emoteam.fr\/?page_id=110"},"modified":"2022-05-04T16:41:31","modified_gmt":"2022-05-04T14:41:31","slug":"consultations-en-dietetique-et-nutrition","status":"publish","type":"page","link":"https:\/\/emoteam.fr\/index.php\/consultations-en-dietetique-et-nutrition\/","title":{"rendered":"Consultations nutrition"},"content":{"rendered":"<p><span style=\"font-size: small;\"><a href=\"http:\/\/emoteam.fr\/index.php\/consultations-en-dietetique-et-nutrition\/premiere-consultation-pour-faire-connaissance\/\">PREMI\u00c8RE CONSULTATION POUR FAIRE CONNAISSANCE<\/a><br \/>\n<a href=\"http:\/\/emoteam.fr\/index.php\/consultations-en-dietetique-et-nutrition\/consultations-de-suivi\/\">CONSULTATIONS DE SUIVI<\/a><\/span><\/p>\n<p><span style=\"font-family: courier new;\"><span style=\"color: grey;\">Autres consultations :<\/span><\/span><\/p>\n<p><span style=\"font-size: small;\"><a href=\"http:\/\/emoteam.fr\/index.php\/consultations-en-dietetique-et-nutrition\/paris-diabete\/\">PARIS DIAB\u00c8TE<\/a><br \/>\n<a href=\"http:\/\/emoteam.fr\/index.php\/consultations-en-dietetique-et-nutrition\/oncodiets\/\">ONCODIETS<\/a><br \/>\n<a href=\"http:\/\/emoteam.fr\/index.php\/consultations-en-dietetique-et-nutrition\/resicard\/\">R\u00c9SICARD<\/a><br \/>\n<\/span><\/p>\n","protected":false},"excerpt":{"rendered":"<p>PREMI\u00c8RE CONSULTATION POUR FAIRE CONNAISSANCE CONSULTATIONS DE SUIVI Autres consultations : PARIS DIAB\u00c8TE ONCODIETS R\u00c9SICARD<\/p>\n","protected":false},"author":1,"featured_media":265,"parent":0,"menu_order":0,"comment_status":"closed","ping_status":"closed","template":"","meta":[],"_links":{"self":[{"href":"https:\/\/emoteam.fr\/index.php\/wp-json\/wp\/v2\/pages\/110"}],"collection":[{"href":"https:\/\/emoteam.fr\/index.php\/wp-json\/wp\/v2\/pages"}],"about":[{"href":"https:\/\/emoteam.fr\/index.php\/wp-json\/wp\/v2\/types\/page"}],"author":[{"embeddable":true,"href":"https:\/\/emoteam.fr\/index.php\/wp-json\/wp\/v2\/users\/1"}],"replies":[{"embeddable":true,"href":"https:\/\/emoteam.fr\/index.php\/wp-json\/wp\/v2\/comments?post=110"}],"version-history":[{"count":19,"href":"https:\/\/emoteam.fr\/index.php\/wp-json\/wp\/v2\/pages\/110\/revisions"}],"predecessor-version":[{"id":251,"href":"https:\/\/emoteam.fr\/index.php\/wp-json\/wp\/v2\/pages\/110\/revisions\/251"}],"wp:featuredmedia":[{"embeddable":true,"href":"https:\/\/emoteam.fr\/index.php\/wp-json\/wp\/v2\/media\/265"}],"wp:attachment":[{"href":"https:\/\/emoteam.fr\/index.php\/wp-json\/wp\/v2\/media?parent=110"}],"curies":[{"name":"wp","href":"https:\/\/api.w.org\/{rel}","templated":true}]}}